{"id":7179,"date":"2021-01-06T19:54:13","date_gmt":"2021-01-07T00:54:13","guid":{"rendered":"https:\/\/www.nashbyashtonnicole.com\/loyalty-program\/"},"modified":"2022-10-28T14:47:51","modified_gmt":"2022-10-28T18:47:51","slug":"programme-de-fidelisation","status":"publish","type":"page","link":"https:\/\/www.nashbyashtonnicole.com\/fr\/programme-de-fidelisation\/","title":{"rendered":"Programme de Fid\u00e9lisation"},"content":{"rendered":"\n\t<section class=\"section\" id=\"section_1182831244\">\n\t\t<div class=\"section-bg fill\" >\n\t\t\t<img loading=\"lazy\" decoding=\"async\" width=\"1920\" height=\"328\" src=\"https:\/\/www.nashbyashtonnicole.com\/wp-content\/uploads\/2019\/08\/faq-title-area.jpg\" class=\"bg attachment-original size-original\" alt=\"g\" \/>\t\t\t\t\t\t\n\t\t\t\n\n\t\t<\/div>\n\n\t\t\n\n\t\t<div class=\"section-content relative\">\n\t\t\t\n<div class=\"row row-collapse row-full-width align-middle align-center\"  id=\"row-1246088039\">\n\n\t<div id=\"col-862750698\" class=\"col medium-12 small-12 large-6 medium-col-first\"  >\n\t\t\t\t<div class=\"col-inner\"  >\n\t\t\t\n\t\t\t\n\n  <div class=\"banner has-hover\" id=\"banner-1392336634\">\n          <div class=\"banner-inner fill\">\n        <div class=\"banner-bg fill\" >\n                                                \n                    <\/div>\n\t\t\n        <div class=\"banner-layers container\">\n            <div class=\"fill banner-link\"><\/div>            \n   <div id=\"text-box-1343807964\" class=\"text-box banner-layer x50 md-x50 lg-x50 y50 md-y50 lg-y50 res-text\">\n                                <div class=\"text-box-content text dark\">\n              \n              <div class=\"text-inner text-center\">\n                  \n              <\/div>\n           <\/div>\n                            \n<style>\n#text-box-1343807964 {\n  width: 60%;\n}\n#text-box-1343807964 .text-box-content {\n  font-size: 100%;\n}\n@media (min-width:550px) {\n  #text-box-1343807964 {\n    width: 60%;\n  }\n}\n<\/style>\n    <\/div>\n \n        <\/div>\n      <\/div>\n\n            \n<style>\n#banner-1392336634 {\n  padding-top: 300px;\n  background-color: rgba(255, 255, 255, 0);\n}\n#banner-1392336634 .banner-bg img {\n  object-position: 100% 49%;\n}\n@media (min-width:550px) {\n  #banner-1392336634 {\n    padding-top: 400px;\n  }\n}\n@media (min-width:850px) {\n  #banner-1392336634 {\n    padding-top: 550px;\n  }\n}\n<\/style>\n  <\/div>\n\n\n\t\t<\/div>\n\t\t\t\t\t<\/div>\n\n\t\n\n\t<div id=\"col-1966927988\" class=\"col index-up medium-12 small-11 large-6\"  >\n\t\t\t\t<div class=\"col-inner\"  >\n\t\t\t\n\t\t\t\n\t<div id=\"gap-117654797\" class=\"gap-element clearfix\" style=\"display:block; height:auto;\">\n\t\t\n<style>\n#gap-117654797 {\n  padding-top: 30px;\n}\n<\/style>\n\t<\/div>\n\t\n<div class=\"row align-center\"  id=\"row-982042540\">\n\n\t<div id=\"col-288593511\" class=\"col index-up medium-11 small-12 large-12\"  >\n\t\t\t\t<div class=\"col-inner text-center\" style=\"background-color:rgb(255, 255, 255);\" >\n\t\t\t\n\t\t\t\n<h2>Programme de Fid\u00e9lisation<\/h2>\n<p>Gagnez des <strong>points de r\u00e9compense NASH <\/strong>\u00e0 chaque fois que vous achetez. NASH by Ashton Nicole ropose un programme de points de fid\u00e9lit\u00e9 pour remercier les clients de leur fid\u00e9lit\u00e9. Vous pouvez utiliser vos points pour tout achat \u00e0 tout moment pour l\u2019un de nos produits en ligne. Aucun minimum *, aucune commande multiple requise, aucun d\u00e9sordre. Juste propre et simple. Lors du paiement, choisissez simplement le nombre de points que vous souhaitez mettre sur votre commande et la valeur sera supprim\u00e9e de votre montant total avant taxes, livraison et apr\u00e8s rabais.<\/p>\n\t\t<\/div>\n\t\t\t\t\n<style>\n#col-288593511 > .col-inner {\n  padding: 15% 10% 15% 10%;\n  margin: -100px 0px 0px 0px;\n  border-radius: 5px;\n}\n@media (min-width:550px) {\n  #col-288593511 > .col-inner {\n    padding: 6% 6% 6% 6%;\n    margin: -150px 0px 0px 0px;\n  }\n}\n@media (min-width:850px) {\n  #col-288593511 > .col-inner {\n    padding: 7% 10% 7% 10%;\n    margin: 0px 0px 0px -100px;\n  }\n}\n<\/style>\n\t<\/div>\n\n\t\n<\/div>\n\t\t<\/div>\n\t\t\t\t\n<style>\n#col-1966927988 > .col-inner {\n  padding: 10px 0px 20px 0px;\n}\n@media (min-width:550px) {\n  #col-1966927988 > .col-inner {\n    padding: 35px 0px 30px 0px;\n  }\n}\n@media (min-width:850px) {\n  #col-1966927988 > .col-inner {\n    padding: 0 0px 0px 0px;\n  }\n}\n<\/style>\n\t<\/div>\n\n\t\n<\/div>\n\t\t<\/div>\n\n\t\t\n<style>\n#section_1182831244 {\n  padding-top: 0px;\n  padding-bottom: 0px;\n  margin-bottom: 0px;\n}\n#section_1182831244 .section-bg img {\n  object-position: 48% 100%;\n}\n@media (min-width:550px) {\n  #section_1182831244 {\n    padding-top: 0px;\n    padding-bottom: 0px;\n  }\n}\n<\/style>\n\t<\/section>\n\t\n\n\t<section class=\"section\" id=\"section_1799590690\">\n\t\t<div class=\"section-bg fill\" >\n\t\t\t\t\t\t\t\t\t\n\t\t\t\n\n\t\t<\/div>\n\n\t\t\n\n\t\t<div class=\"section-content relative\">\n\t\t\t\n\t<div id=\"gap-48883109\" class=\"gap-element clearfix\" style=\"display:block; height:auto;\">\n\t\t\n<style>\n#gap-48883109 {\n  padding-top: 30px;\n}\n<\/style>\n\t<\/div>\n\t\n<div class=\"row\"  id=\"row-1218211008\">\n\n\t<div id=\"col-2057448226\" class=\"col medium-4 small-12 large-4\"  >\n\t\t\t\t<div class=\"col-inner\"  >\n\t\t\t\n\t\t\t\n\t<div id=\"text-3354203337\" class=\"text\">\n\t\t\n<h5>Pourquoi Adh\u00e9rer ?<\/h5>\n\t\t\n<style>\n#text-3354203337 {\n  font-size: 1.75rem;\n}\n<\/style>\n\t<\/div>\n\t\n\t\t<\/div>\n\t\t\t\t\t<\/div>\n\n\t\n\n\t<div id=\"col-23207898\" class=\"col medium-8 small-12 large-8\"  >\n\t\t\t\t<div class=\"col-inner\"  >\n\t\t\t\n\t\t\t\n<p>Recevrez des Points NASH avec chaque achat. <strong>C\u2019est GRATUIT et FACILE!<\/strong> Les points peuvent \u00eatre utilis\u00e9s pour recevoir des rabais sur tout produit \u00e9ligible.<\/p>\n\t\t<\/div>\n\t\t\t\t\t<\/div>\n\n\t\n<\/div>\n<div class=\"row\"  id=\"row-82061157\">\n\n\t<div id=\"col-2099411168\" class=\"col medium-4 small-12 large-4\"  >\n\t\t\t\t<div class=\"col-inner\"  >\n\t\t\t\n\t\t\t\n\t<div id=\"text-2993939784\" class=\"text\">\n\t\t\n<h5>Comment \u00e7a Fonctionne ?<\/h5>\n\t\t\n<style>\n#text-2993939784 {\n  font-size: 1.75rem;\n}\n<\/style>\n\t<\/div>\n\t\n\t\t<\/div>\n\t\t\t\t\t<\/div>\n\n\t\n\n\t<div id=\"col-1186993705\" class=\"col medium-8 small-12 large-8\"  >\n\t\t\t\t<div class=\"col-inner\"  >\n\t\t\t\n\t\t\t\n<p>Vous devez avoir un compte configur\u00e9 pour \u00eatre \u00e9ligible au programme de fid\u00e9lit\u00e9 NASH.<\/p>\n<p>Recevez 1 point pour chaque dollar d\u00e9pens\u00e9. Les points sont bas\u00e9s sur le prix de d\u00e9tail avant taxes, livraison et apr\u00e8s rabais. Si vous \u00eates un client existant, connectez-vous et commencez \u00e0 magasiner. Les points seront attribu\u00e9s une fois que l\u2019\u00e9tat de la commande aura atteint le statut Termin\u00e9.<\/p>\n\t\t<\/div>\n\t\t\t\t\t<\/div>\n\n\t\n<\/div>\n<div class=\"row\"  id=\"row-710153792\">\n\n\t<div id=\"col-1516047216\" class=\"col medium-4 small-12 large-4\"  >\n\t\t\t\t<div class=\"col-inner\"  >\n\t\t\t\n\t\t\t\n\t<div id=\"text-4012053536\" class=\"text\">\n\t\t\n<h5>Formule de Conversion<\/h5>\n\t\t\n<style>\n#text-4012053536 {\n  font-size: 1.75rem;\n}\n<\/style>\n\t<\/div>\n\t\n\t\t<\/div>\n\t\t\t\t\t<\/div>\n\n\t\n\n\t<div id=\"col-979549973\" class=\"col medium-8 small-12 large-8\"  >\n\t\t\t\t<div class=\"col-inner\"  >\n\t\t\t\n\t\t\t\n<p>Les Points NASH valent 0.05$ chacun:<\/p>\n<ul>\n<li class=\"bullet-arrow\">100 points = 5.00$<\/li>\n<li class=\"bullet-arrow\">200 points = 10.00$<\/li>\n<li class=\"&quot;bullet-arrow bullet-arrow\">500 points = 25.00$<\/li>\n<li class=\"&quot;bullet-arrow bullet-arrow\">900 points = 45.00$<\/li>\n<\/ul>\n\t\t<\/div>\n\t\t\t\t\t<\/div>\n\n\t\n<\/div>\n<div class=\"row\"  id=\"row-471924899\">\n\n\t<div id=\"col-1864497000\" class=\"col medium-4 small-12 large-4\"  >\n\t\t\t\t<div class=\"col-inner\"  >\n\t\t\t\n\t\t\t\n\t<div id=\"text-2521460225\" class=\"text\">\n\t\t\n<h5>Comment Les R\u00e9clamer?<\/h5>\n\t\t\n<style>\n#text-2521460225 {\n  font-size: 1.75rem;\n}\n<\/style>\n\t<\/div>\n\t\n\t\t<\/div>\n\t\t\t\t\t<\/div>\n\n\t\n\n\t<div id=\"col-801308915\" class=\"col medium-8 small-12 large-8\"  >\n\t\t\t\t<div class=\"col-inner\"  >\n\t\t\t\n\t\t\t\n<p>Les Points NASH peuvent \u00eatre r\u00e9clam\u00e9s pendant le paiement. Vous n\u2019avez qu\u2019\u00e0 entrer le nombre de points \u00e0 utiliser lors de votre achat, et nous ajusterons le prix automatiquement.<\/p>\n\t\t<\/div>\n\t\t\t\t\t<\/div>\n\n\t\n<\/div>\n<div class=\"row\"  id=\"row-91206737\">\n\n\t<div id=\"col-1751008609\" class=\"col medium-4 small-12 large-4\"  >\n\t\t\t\t<div class=\"col-inner\"  >\n\t\t\t\n\t\t\t\n\t<div id=\"text-3604343274\" class=\"text\">\n\t\t\n<h5>Conditions<\/h5>\n\t\t\n<style>\n#text-3604343274 {\n  font-size: 1.75rem;\n}\n<\/style>\n\t<\/div>\n\t\n\t\t<\/div>\n\t\t\t\t\t<\/div>\n\n\t\n\n\t<div id=\"col-1157427744\" class=\"col medium-8 small-12 large-8\"  >\n\t\t\t\t<div class=\"col-inner\"  >\n\t\t\t\n\t\t\t\n<ul>\n<li class=\"bullet-arrow\">Les Points NASH\u00a0 sont seulement pour vous! Ils ne peuvent \u00eatre vendus, transf\u00e9r\u00e9s ou \u00e9chang\u00e9s.<\/li>\n<li class=\"bullet-arrow\">Les Points NASH\u00a0 n\u2019ont aucune valeur en argent, et ne peuvent \u00eatre \u00e9chang\u00e9s pour de l\u2019argent.<\/li>\n<li class=\"bullet-arrow\">Recevez des Points NASH pour chaque dollar d\u00e9pens\u00e9 avant taxes, livraison et apr\u00e8s rabais.<\/li>\n<li class=\"bullet-arrow\">Les Points NASH ne peuvent \u00eatre utilis\u00e9s pour payer la livraison ou les taxes.<\/li>\n<li class=\"bullet-arrow\">Les coupons ne seront pas appliqu\u00e9s si des Points NASH sont utilis\u00e9s sur une commande.<\/li>\n<li class=\"bullet-arrow\">Les Points NASH seront attribu\u00e9s une fois que l\u2019\u00e9tat de la commande aura atteint le statut Termin\u00e9.<\/li>\n<li class=\"bullet-arrow\">Les Points NASH ne peuvent \u00eatre accumul\u00e9s pour des articles ayant \u00e9t\u00e9 retourn\u00e9s. Nous d\u00e9duirons automatiquement de votre compte le nombre de points appropri\u00e9.<\/li>\n<\/ul>\n<p>Veuillez <a href=\"\/fr\/contact\/\"><strong>nous contacter<\/strong><\/a> pour toute question ou demande.<\/p>\n\t\t<\/div>\n\t\t\t\t\t<\/div>\n\n\t\n<\/div>\n\t\t<\/div>\n\n\t\t\n<style>\n#section_1799590690 {\n  padding-top: 30px;\n  padding-bottom: 30px;\n}\n<\/style>\n\t<\/section>\n\t\n","protected":false},"excerpt":{"rendered":"","protected":false},"author":1,"featured_media":0,"parent":0,"menu_order":0,"comment_status":"closed","ping_status":"closed","template":"page-blank.php","meta":{"footnotes":""},"class_list":["post-7179","page","type-page","status-publish","hentry"],"yoast_head":"<!-- This site is optimized with the Yoast SEO plugin v27.2 - https:\/\/yoast.com\/product\/yoast-seo-wordpress\/ -->\n<title>Programme de Fid\u00e9lisation - NASH by Ashton Nicole<\/title>\n<meta name=\"robots\" content=\"index, follow, max-snippet:-1, max-image-preview:large, max-video-preview:-1\" \/>\n<link rel=\"canonical\" href=\"https:\/\/www.nashbyashtonnicole.com\/fr\/programme-de-fidelisation\/\" \/>\n<meta property=\"og:locale\" content=\"fr_FR\" \/>\n<meta property=\"og:type\" content=\"article\" \/>\n<meta property=\"og:title\" content=\"Programme de Fid\u00e9lisation - NASH by Ashton Nicole\" \/>\n<meta property=\"og:url\" content=\"https:\/\/www.nashbyashtonnicole.com\/fr\/programme-de-fidelisation\/\" \/>\n<meta property=\"og:site_name\" content=\"NASH by Ashton Nicole\" \/>\n<meta property=\"article:publisher\" content=\"https:\/\/www.facebook.com\/nashbyashtonnicole\" \/>\n<meta property=\"article:modified_time\" content=\"2022-10-28T18:47:51+00:00\" \/>\n<meta property=\"og:image\" content=\"https:\/\/www.nashbyashtonnicole.com\/wp-content\/uploads\/2019\/07\/NASH.jpg\" \/>\n\t<meta property=\"og:image:width\" content=\"1300\" \/>\n\t<meta property=\"og:image:height\" content=\"1300\" \/>\n\t<meta property=\"og:image:type\" content=\"image\/jpeg\" \/>\n<meta name=\"twitter:label1\" content=\"Dur\u00e9e de lecture estim\u00e9e\" \/>\n\t<meta name=\"twitter:data1\" content=\"3 minutes\" \/>\n<script type=\"application\/ld+json\" class=\"yoast-schema-graph\">{\"@context\":\"https:\/\/schema.org\",\"@graph\":[{\"@type\":\"WebPage\",\"@id\":\"https:\/\/www.nashbyashtonnicole.com\/fr\/programme-de-fidelisation\/\",\"url\":\"https:\/\/www.nashbyashtonnicole.com\/fr\/programme-de-fidelisation\/\",\"name\":\"Programme de Fid\u00e9lisation - NASH by Ashton Nicole\",\"isPartOf\":{\"@id\":\"https:\/\/www.nashbyashtonnicole.com\/fr\/#website\"},\"datePublished\":\"2021-01-07T00:54:13+00:00\",\"dateModified\":\"2022-10-28T18:47:51+00:00\",\"breadcrumb\":{\"@id\":\"https:\/\/www.nashbyashtonnicole.com\/fr\/programme-de-fidelisation\/#breadcrumb\"},\"inLanguage\":\"fr-FR\",\"potentialAction\":[{\"@type\":\"ReadAction\",\"target\":[\"https:\/\/www.nashbyashtonnicole.com\/fr\/programme-de-fidelisation\/\"]}]},{\"@type\":\"BreadcrumbList\",\"@id\":\"https:\/\/www.nashbyashtonnicole.com\/fr\/programme-de-fidelisation\/#breadcrumb\",\"itemListElement\":[{\"@type\":\"ListItem\",\"position\":1,\"name\":\"Home\",\"item\":\"https:\/\/www.nashbyashtonnicole.com\/fr\/\"},{\"@type\":\"ListItem\",\"position\":2,\"name\":\"Programme de Fid\u00e9lisation\"}]},{\"@type\":\"WebSite\",\"@id\":\"https:\/\/www.nashbyashtonnicole.com\/fr\/#website\",\"url\":\"https:\/\/www.nashbyashtonnicole.com\/fr\/\",\"name\":\"NASH by Ashton Nicole\",\"description\":\"Fashionable and Trendy.\",\"publisher\":{\"@id\":\"https:\/\/www.nashbyashtonnicole.com\/fr\/#organization\"},\"potentialAction\":[{\"@type\":\"SearchAction\",\"target\":{\"@type\":\"EntryPoint\",\"urlTemplate\":\"https:\/\/www.nashbyashtonnicole.com\/fr\/?s={search_term_string}\"},\"query-input\":{\"@type\":\"PropertyValueSpecification\",\"valueRequired\":true,\"valueName\":\"search_term_string\"}}],\"inLanguage\":\"fr-FR\"},{\"@type\":\"Organization\",\"@id\":\"https:\/\/www.nashbyashtonnicole.com\/fr\/#organization\",\"name\":\"NASH by Ashton Nicole\",\"url\":\"https:\/\/www.nashbyashtonnicole.com\/fr\/\",\"logo\":{\"@type\":\"ImageObject\",\"inLanguage\":\"fr-FR\",\"@id\":\"https:\/\/www.nashbyashtonnicole.com\/fr\/#\/schema\/logo\/image\/\",\"url\":\"https:\/\/i1.wp.com\/www.nashbyashtonnicole.com\/wp-content\/uploads\/2020\/10\/logo.png?fit=250%2C150&ssl=1\",\"contentUrl\":\"https:\/\/i1.wp.com\/www.nashbyashtonnicole.com\/wp-content\/uploads\/2020\/10\/logo.png?fit=250%2C150&ssl=1\",\"width\":250,\"height\":150,\"caption\":\"NASH by Ashton Nicole\"},\"image\":{\"@id\":\"https:\/\/www.nashbyashtonnicole.com\/fr\/#\/schema\/logo\/image\/\"},\"sameAs\":[\"https:\/\/www.facebook.com\/nashbyashtonnicole\",\"https:\/\/www.instagram.com\/nashbyashtonnicole\"]}]}<\/script>\n<!-- \/ Yoast SEO plugin. -->","yoast_head_json":{"title":"Programme de Fid\u00e9lisation - NASH by Ashton Nicole","robots":{"index":"index","follow":"follow","max-snippet":"max-snippet:-1","max-image-preview":"max-image-preview:large","max-video-preview":"max-video-preview:-1"},"canonical":"https:\/\/www.nashbyashtonnicole.com\/fr\/programme-de-fidelisation\/","og_locale":"fr_FR","og_type":"article","og_title":"Programme de Fid\u00e9lisation - NASH by Ashton Nicole","og_url":"https:\/\/www.nashbyashtonnicole.com\/fr\/programme-de-fidelisation\/","og_site_name":"NASH by Ashton Nicole","article_publisher":"https:\/\/www.facebook.com\/nashbyashtonnicole","article_modified_time":"2022-10-28T18:47:51+00:00","og_image":[{"width":1300,"height":1300,"url":"https:\/\/www.nashbyashtonnicole.com\/wp-content\/uploads\/2019\/07\/NASH.jpg","type":"image\/jpeg"}],"twitter_misc":{"Dur\u00e9e de lecture estim\u00e9e":"3 minutes"},"schema":{"@context":"https:\/\/schema.org","@graph":[{"@type":"WebPage","@id":"https:\/\/www.nashbyashtonnicole.com\/fr\/programme-de-fidelisation\/","url":"https:\/\/www.nashbyashtonnicole.com\/fr\/programme-de-fidelisation\/","name":"Programme de Fid\u00e9lisation - NASH by Ashton Nicole","isPartOf":{"@id":"https:\/\/www.nashbyashtonnicole.com\/fr\/#website"},"datePublished":"2021-01-07T00:54:13+00:00","dateModified":"2022-10-28T18:47:51+00:00","breadcrumb":{"@id":"https:\/\/www.nashbyashtonnicole.com\/fr\/programme-de-fidelisation\/#breadcrumb"},"inLanguage":"fr-FR","potentialAction":[{"@type":"ReadAction","target":["https:\/\/www.nashbyashtonnicole.com\/fr\/programme-de-fidelisation\/"]}]},{"@type":"BreadcrumbList","@id":"https:\/\/www.nashbyashtonnicole.com\/fr\/programme-de-fidelisation\/#breadcrumb","itemListElement":[{"@type":"ListItem","position":1,"name":"Home","item":"https:\/\/www.nashbyashtonnicole.com\/fr\/"},{"@type":"ListItem","position":2,"name":"Programme de Fid\u00e9lisation"}]},{"@type":"WebSite","@id":"https:\/\/www.nashbyashtonnicole.com\/fr\/#website","url":"https:\/\/www.nashbyashtonnicole.com\/fr\/","name":"NASH by Ashton Nicole","description":"Fashionable and Trendy.","publisher":{"@id":"https:\/\/www.nashbyashtonnicole.com\/fr\/#organization"},"potentialAction":[{"@type":"SearchAction","target":{"@type":"EntryPoint","urlTemplate":"https:\/\/www.nashbyashtonnicole.com\/fr\/?s={search_term_string}"},"query-input":{"@type":"PropertyValueSpecification","valueRequired":true,"valueName":"search_term_string"}}],"inLanguage":"fr-FR"},{"@type":"Organization","@id":"https:\/\/www.nashbyashtonnicole.com\/fr\/#organization","name":"NASH by Ashton Nicole","url":"https:\/\/www.nashbyashtonnicole.com\/fr\/","logo":{"@type":"ImageObject","inLanguage":"fr-FR","@id":"https:\/\/www.nashbyashtonnicole.com\/fr\/#\/schema\/logo\/image\/","url":"https:\/\/i1.wp.com\/www.nashbyashtonnicole.com\/wp-content\/uploads\/2020\/10\/logo.png?fit=250%2C150&ssl=1","contentUrl":"https:\/\/i1.wp.com\/www.nashbyashtonnicole.com\/wp-content\/uploads\/2020\/10\/logo.png?fit=250%2C150&ssl=1","width":250,"height":150,"caption":"NASH by Ashton Nicole"},"image":{"@id":"https:\/\/www.nashbyashtonnicole.com\/fr\/#\/schema\/logo\/image\/"},"sameAs":["https:\/\/www.facebook.com\/nashbyashtonnicole","https:\/\/www.instagram.com\/nashbyashtonnicole"]}]}},"_links":{"self":[{"href":"https:\/\/www.nashbyashtonnicole.com\/fr\/wp-json\/wp\/v2\/pages\/7179","targetHints":{"allow":["GET"]}}],"collection":[{"href":"https:\/\/www.nashbyashtonnicole.com\/fr\/wp-json\/wp\/v2\/pages"}],"about":[{"href":"https:\/\/www.nashbyashtonnicole.com\/fr\/wp-json\/wp\/v2\/types\/page"}],"author":[{"embeddable":true,"href":"https:\/\/www.nashbyashtonnicole.com\/fr\/wp-json\/wp\/v2\/users\/1"}],"replies":[{"embeddable":true,"href":"https:\/\/www.nashbyashtonnicole.com\/fr\/wp-json\/wp\/v2\/comments?post=7179"}],"version-history":[{"count":6,"href":"https:\/\/www.nashbyashtonnicole.com\/fr\/wp-json\/wp\/v2\/pages\/7179\/revisions"}],"predecessor-version":[{"id":10105,"href":"https:\/\/www.nashbyashtonnicole.com\/fr\/wp-json\/wp\/v2\/pages\/7179\/revisions\/10105"}],"wp:attachment":[{"href":"https:\/\/www.nashbyashtonnicole.com\/fr\/wp-json\/wp\/v2\/media?parent=7179"}],"curies":[{"name":"wp","href":"https:\/\/api.w.org\/{rel}","templated":true}]}}