{"id":7158,"date":"2019-08-13T14:24:28","date_gmt":"2019-08-13T18:24:28","guid":{"rendered":"https:\/\/www.nashbyashtonnicole.com\/contact\/"},"modified":"2022-10-28T14:52:22","modified_gmt":"2022-10-28T18:52:22","slug":"contact","status":"publish","type":"page","link":"https:\/\/www.nashbyashtonnicole.com\/fr\/contact\/","title":{"rendered":"Contact"},"content":{"rendered":"<div class=\"row row-collapse row-full-width\"  id=\"row-1689767769\">\n\n\t<div id=\"col-575579516\" class=\"col small-12 large-12\"  >\n\t\t\t\t<div class=\"col-inner\"  >\n\t\t\t\n\t\t\t\n\n\t<section class=\"section\" id=\"section_1879578619\">\n\t\t<div class=\"section-bg fill\" >\n\t\t\t<img loading=\"lazy\" decoding=\"async\" width=\"1920\" height=\"528\" src=\"https:\/\/www.nashbyashtonnicole.com\/wp-content\/uploads\/2019\/07\/title-img-1.jpg\" class=\"bg attachment-original size-original\" alt=\"d\" \/>\t\t\t\t\t\t\n\t\t\t\n\n\t\t<\/div>\n\n\t\t\n\n\t\t<div class=\"section-content relative\">\n\t\t\t\n<div class=\"row row-collapse align-center\" style=\"max-width:\" id=\"row-1826064409\">\n\n\t<div id=\"col-427874937\" class=\"col small-12 large-12\"  >\n\t\t\t\t<div class=\"col-inner text-center dark\"  >\n\t\t\t\n\t\t\t\n\t<div id=\"text-1448083035\" class=\"text\">\n\t\t\n<h1><span style=\"font-size: 250%;\">Contact<\/span><\/h1>\n<p class=\"lead\"><span style=\"font-size: 120%;\">Nous aimerions avoir de vos nouvelles.<\/span><\/p>\n\t\t\n<style>\n#text-1448083035 {\n  font-size: 0.75rem;\n  color: rgb(0,0,0);\n}\n#text-1448083035 > * {\n  color: rgb(0,0,0);\n}\n<\/style>\n\t<\/div>\n\t\n\t\t<\/div>\n\t\t\t\t\n<style>\n#col-427874937 > .col-inner {\n  padding: 100px 20px 200px 0px;\n}\n@media (min-width:550px) {\n  #col-427874937 > .col-inner {\n    padding: 100px 0px 200px 0px;\n  }\n}\n<\/style>\n\t<\/div>\n\n\t\n<\/div>\n\t\t<\/div>\n\n\t\t\n<style>\n#section_1879578619 {\n  padding-top: 0px;\n  padding-bottom: 0px;\n  min-height: 0px;\n}\n#section_1879578619 .section-bg img {\n  object-position: 10% 42%;\n}\n@media (min-width:550px) {\n  #section_1879578619 {\n    padding-top: 0px;\n    padding-bottom: 0px;\n  }\n}\n@media (min-width:850px) {\n  #section_1879578619 {\n    padding-top: 100px;\n    padding-bottom: 100px;\n  }\n}\n<\/style>\n\t<\/section>\n\t\n\t\t<\/div>\n\t\t\t\t\t<\/div>\n\n\t\n<\/div>\n<div class=\"row row-large\" style=\"max-width:1400px\" id=\"row-421533402\">\n\n\t<div id=\"col-663328800\" class=\"col small-12 large-12\"  >\n\t\t\t\t<div class=\"col-inner\" style=\"background-color:rgb(255, 255, 255);\" >\n\t\t\t\n\t\t\t\n<div class=\"row row-collapse row-full-width\"  id=\"row-862602633\">\n\n\t<div id=\"col-596081711\" class=\"col medium-12 small-12 large-6\"  >\n\t\t\t\t<div class=\"col-inner\"  >\n\t\t\t\n\t\t\t\n<h2><span style=\"font-size: 120%;\">Besoin d\u2019aide ?<\/span><\/h2>\n<p>Si vous avez des questions ou des pr\u00e9occupations, n&rsquo;h\u00e9sitez pas \u00e0 remplir le formulaire ci-dessous et nous vous r\u00e9pondrons dans les plus brefs d\u00e9lais.<\/p>\n\t<div id=\"gap-1793605655\" class=\"gap-element clearfix\" style=\"display:block; height:auto;\">\n\t\t\n<style>\n#gap-1793605655 {\n  padding-top: 20px;\n}\n@media (min-width:550px) {\n  #gap-1793605655 {\n    padding-top: 20px;\n  }\n}\n@media (min-width:850px) {\n  #gap-1793605655 {\n    padding-top: 30px;\n  }\n}\n<\/style>\n\t<\/div>\n\t\n<div class=\"row\"  id=\"row-743349827\">\n\n\t<div id=\"col-2002287665\" class=\"col medium-6 small-12 large-6\"  >\n\t\t\t\t<div class=\"col-inner\"  >\n\t\t\t\n\t\t\t\n\t<div class=\"img has-hover x md-x lg-x y md-y lg-y\" id=\"image_1762105366\">\n\t\t\t\t\t\t\t\t<div class=\"img-inner dark\" >\n\t\t\t\t\t\t\t\t\t\n\t\t\t\t\t<\/div>\n\t\t\t\t\t\t\t\t\n<style>\n#image_1762105366 {\n  width: 15%;\n}\n@media (min-width:550px) {\n  #image_1762105366 {\n    width: 20%;\n  }\n}\n<\/style>\n\t<\/div>\n\t\n<h3 class=\"uppercase\">Addresse<\/h3>\n<p>Dorval (QC)<br \/>\nCanada H9P 2A6<\/p>\n\t\t<\/div>\n\t\t\t\t\t<\/div>\n\n\t\n\n\t<div id=\"col-40396412\" class=\"col medium-5 small-12 large-6\"  >\n\t\t\t\t<div class=\"col-inner\"  >\n\t\t\t\n\t\t\t\n\t<div class=\"img has-hover x md-x lg-x y md-y lg-y\" id=\"image_794695210\">\n\t\t\t\t\t\t\t\t<div class=\"img-inner dark\" >\n\t\t\t\t\t\t\t\t\t\n\t\t\t\t\t<\/div>\n\t\t\t\t\t\t\t\t\n<style>\n#image_794695210 {\n  width: 15%;\n}\n@media (min-width:550px) {\n  #image_794695210 {\n    width: 20%;\n  }\n}\n<\/style>\n\t<\/div>\n\t\n<h3 class=\"uppercase\">Heures d\u2019Ouverture<\/h3>\n<p>Mon to Fri: 9 am &#8211; 5 pm<br \/>\nSaturday: Closed<br \/>\nSunday: Closed<\/p>\n\t\t<\/div>\n\t\t\t\t\t<\/div>\n\n\t\n<\/div>\n<div class=\"row\"  id=\"row-1418297877\">\n\n\t<div id=\"col-750060476\" class=\"col medium-6 small-12 large-6\"  >\n\t\t\t\t<div class=\"col-inner\"  >\n\t\t\t\n\t\t\t\n\t<div class=\"img has-hover x md-x lg-x y md-y lg-y\" id=\"image_2030201496\">\n\t\t\t\t\t\t\t\t<div class=\"img-inner dark\" >\n\t\t\t\t\t\t\t\t\t\n\t\t\t\t\t<\/div>\n\t\t\t\t\t\t\t\t\n<style>\n#image_2030201496 {\n  width: 15%;\n}\n@media (min-width:550px) {\n  #image_2030201496 {\n    width: 20%;\n  }\n}\n<\/style>\n\t<\/div>\n\t\n<h3 class=\"uppercase\">E-mail<\/h3>\n<p>info@nashbyashtonnicole.com<\/p>\n\t\t<\/div>\n\t\t\t\t\t<\/div>\n\n\t\n\n\t<div id=\"col-337678074\" class=\"col medium-6 small-12 large-6\"  >\n\t\t\t\t<div class=\"col-inner\"  >\n\t\t\t\n\t\t\t\n\t<div class=\"img has-hover x md-x lg-x y md-y lg-y\" id=\"image_1642709762\">\n\t\t\t\t\t\t\t\t<div class=\"img-inner dark\" >\n\t\t\t\t\t\t\t\t\t\n\t\t\t\t\t<\/div>\n\t\t\t\t\t\t\t\t\n<style>\n#image_1642709762 {\n  width: 15%;\n}\n@media (min-width:550px) {\n  #image_1642709762 {\n    width: 20%;\n  }\n}\n<\/style>\n\t<\/div>\n\t\n<h3 class=\"uppercase\">T\u00e9l\u00e9phone<\/h3>\n<p>T\u00e9l\u00e9phone: <a href=\"tel:+1 (514) 576-9365\">+1 (514) 576-9365<\/a><\/p>\n\t\t<\/div>\n\t\t\t\t\t<\/div>\n\n\t\n<\/div>\n\t\t<\/div>\n\t\t\t\t\n<style>\n#col-596081711 > .col-inner {\n  padding: 0px 0px 0px 20px;\n}\n<\/style>\n\t<\/div>\n\n\t\n\n\t<div id=\"col-498066240\" class=\"col medium-12 small-12 large-6\"  >\n\t\t\t\t<div class=\"col-inner\"  >\n\t\t\t\n\t\t\t\n<h2><span style=\"font-size: 120%;\">Nous contacter<\/span><\/h2>\n\t<div id=\"gap-375447727\" class=\"gap-element clearfix\" style=\"display:block; height:auto;\">\n\t\t\n<style>\n#gap-375447727 {\n  padding-top: 20px;\n}\n@media (min-width:550px) {\n  #gap-375447727 {\n    padding-top: 20px;\n  }\n}\n@media (min-width:850px) {\n  #gap-375447727 {\n    padding-top: 30px;\n  }\n}\n<\/style>\n\t<\/div>\n\t\n\n<div class=\"wpcf7 no-js\" id=\"wpcf7-f7264-o1\" lang=\"fr-FR\" dir=\"ltr\" data-wpcf7-id=\"7264\">\n<div class=\"screen-reader-response\"><p role=\"status\" aria-live=\"polite\" aria-atomic=\"true\"><\/p> <ul><\/ul><\/div>\n<form action=\"\/fr\/wp-json\/wp\/v2\/pages\/7158#wpcf7-f7264-o1\" method=\"post\" class=\"wpcf7-form init\" aria-label=\"Formulaire de contact\" novalidate=\"novalidate\" data-status=\"init\">\n<fieldset class=\"hidden-fields-container\"><input type=\"hidden\" name=\"_wpcf7\" value=\"7264\" \/><input type=\"hidden\" name=\"_wpcf7_version\" value=\"6.1.4\" \/><input type=\"hidden\" name=\"_wpcf7_locale\" value=\"fr_FR\" \/><input type=\"hidden\" name=\"_wpcf7_unit_tag\" value=\"wpcf7-f7264-o1\" \/><input type=\"hidden\" name=\"_wpcf7_container_post\" value=\"0\" \/><input type=\"hidden\" name=\"_wpcf7_posted_data_hash\" value=\"\" \/><input type=\"hidden\" name=\"_wpcf7_recaptcha_response\" value=\"\" \/>\n<\/fieldset>\n<p><span class=\"wpcf7-form-control-wrap\" data-name=\"your-name\"><input size=\"40\" maxlength=\"400\" class=\"wpcf7-form-control wpcf7-text wpcf7-validates-as-required\" aria-required=\"true\" aria-invalid=\"false\" placeholder=\"Nom*\" value=\"\" type=\"text\" name=\"your-name\" \/><\/span>\n<\/p>\n<p><span class=\"wpcf7-form-control-wrap\" data-name=\"your-email\"><input size=\"40\" maxlength=\"400\" class=\"wpcf7-form-control wpcf7-email wpcf7-validates-as-required wpcf7-text wpcf7-validates-as-email\" aria-required=\"true\" aria-invalid=\"false\" placeholder=\"Email*\" value=\"\" type=\"email\" name=\"your-email\" \/><\/span>\n<\/p>\n<p><span class=\"wpcf7-form-control-wrap\" data-name=\"our-telephone\"><input size=\"40\" maxlength=\"400\" class=\"wpcf7-form-control wpcf7-tel wpcf7-validates-as-required wpcf7-text wpcf7-validates-as-tel\" aria-required=\"true\" aria-invalid=\"false\" placeholder=\"T\u00e9l\u00e9phone*\" value=\"\" type=\"tel\" name=\"our-telephone\" \/><\/span>\n<\/p>\n<p><span class=\"wpcf7-form-control-wrap\" data-name=\"your-subject\"><input size=\"40\" maxlength=\"400\" class=\"wpcf7-form-control wpcf7-text wpcf7-validates-as-required\" aria-required=\"true\" aria-invalid=\"false\" placeholder=\"Subjet*\" value=\"\" type=\"text\" name=\"your-subject\" \/><\/span>\n<\/p>\n<p><span class=\"wpcf7-form-control-wrap\" data-name=\"your-message\"><textarea cols=\"40\" rows=\"10\" maxlength=\"2000\" class=\"wpcf7-form-control wpcf7-textarea\" aria-invalid=\"false\" placeholder=\"Comment pouvons nous aider?\" name=\"your-message\"><\/textarea><\/span>\n<\/p>\n<p><input class=\"wpcf7-form-control wpcf7-submit has-spinner button\" type=\"submit\" value=\"Envoyer\" \/>\n<\/p><div class=\"wpcf7-response-output\" aria-hidden=\"true\"><\/div>\n<\/form>\n<\/div>\n\n\t\t<\/div>\n\t\t\t\t\t<\/div>\n\n\t\n\n<style>\n#row-862602633 > .col > .col-inner {\n  padding: 0px 15px 0px 15px;\n}\n<\/style>\n<\/div>\n\t\t<\/div>\n\t\t\t\t\n<style>\n#col-663328800 > .col-inner {\n  padding: 50px 20px 0px 20px;\n  margin: -0 0px 0px 0px;\n}\n@media (min-width:550px) {\n  #col-663328800 > .col-inner {\n    padding: 50px 20px 30px 20px;\n    margin: 0 0px 0px 0px;\n  }\n}\n@media (min-width:850px) {\n  #col-663328800 > .col-inner {\n    padding: 66px 5% 16px 5%;\n    margin: -135px 0px 0px 0px;\n  }\n}\n<\/style>\n\t<\/div>\n\n\t\n<\/div>\n<div class=\"row row-collapse row-full-width\"  id=\"row-2137188384\">\n\n\t<div id=\"col-1774818487\" class=\"col small-12 large-12\"  >\n\t\t\t\t<div class=\"col-inner\"  >\n\t\t\t\n\t\t\t\n\n\t<script type=\"text\/javascript\">\n  jQuery( document ).ready(function() {\n    function initialize() {\n        var styles = {\n            'flatsome':  [{\n            \"featureType\": \"administrative\",\n            \"stylers\": [\n              { \"visibility\": \"on\" }\n            ]\n          },\n          {\n            \"featureType\": \"road\",\n            \"stylers\": [\n              { \"visibility\": \"on\" },\n              { \"hue\": \"\" }\n            ]\n          },\n          {\n            \"stylers\": [\n\t\t\t  { \"visibility\": \"on\" },\n\t\t\t  { \"hue\": \"\" },\n\t\t\t  { \"saturation\": -98 }\n            ]\n          }\n        ]};\n\n        var myLatlng = new google.maps.LatLng(45.451249692328, -73.776700684301);\n        var myOptions = {\n            zoom: 16,\n            center: myLatlng,\n            mapTypeId: google.maps.MapTypeId.ROADMAP,\n            disableDefaultUI: true,\n            mapTypeId: 'flatsome',\n            draggable: true,\n            zoomControl: true,\n            zoomControlOptions: {\n              position: google.maps.ControlPosition.TOP_LEFT\n            },\n      \t\t\tmapTypeControl: false,\n            mapTypeControlOptions: {\n              position: google.maps.ControlPosition.TOP_LEFT\n            },\n      \t\t\tstreetViewControl: true,\n            streetViewControlOptions: {\n              position: google.maps.ControlPosition.TOP_LEFT\n            },\n            scrollwheel: false,\n            disableDoubleClickZoom: true\n        }\n        var map = new google.maps.Map(document.getElementById(\"map-1023791675-inner\"), myOptions);\n        var styledMapType = new google.maps.StyledMapType(styles['flatsome'], {name: 'flatsome'});\n        map.mapTypes.set('flatsome', styledMapType);\n\n        var marker = new google.maps.Marker({\n            position: myLatlng,\n            map: map,\n            title:\"\"\n        });\n    }\n\n    \/\/ Required to proceed\n    if (!(typeof google === 'object' && typeof google.maps === 'object')) {\n      return\n    }\n\n    initialize()\n    google.maps.event.addDomListener(window, 'resize', initialize);\n    });\n    <\/script>\n\n    <div class=\"google-map relative mb\" id=\"map-1023791675\">\n        <div class=\"map-height\" id=\"map-1023791675-inner\"><\/div>\n        <div id=\"map_overlay_top\"><\/div>\n        <div id=\"map_overlay_bottom\"><\/div>\n         \n       \n<style>\n#map-1023791675 .map-inner {\n  background-color: rgb(255, 255, 255);\n  max-width: 100%;\n}\n#map-1023791675 .map-height {\n  height: 300px;\n}\n@media (min-width:550px) {\n  #map-1023791675 .map-inner {\n    max-width: 40%;\n  }\n  #map-1023791675 .map-height {\n    height: 600px;\n  }\n}\n@media (min-width:850px) {\n  #map-1023791675 .map-inner {\n    max-width: 0%;\n  }\n}\n<\/style>\n    <\/div>\n\n\t\n\t\t<\/div>\n\t\t\t\t\t<\/div>\n\n\t\n<\/div>\n","protected":false},"excerpt":{"rendered":"","protected":false},"author":1,"featured_media":0,"parent":0,"menu_order":0,"comment_status":"closed","ping_status":"closed","template":"page-blank.php","meta":{"footnotes":""},"class_list":["post-7158","page","type-page","status-publish","hentry"],"yoast_head":"<!-- This site is optimized with the Yoast SEO plugin v27.2 - https:\/\/yoast.com\/product\/yoast-seo-wordpress\/ -->\n<title>Contact - NASH by Ashton Nicole<\/title>\n<meta name=\"robots\" content=\"index, follow, max-snippet:-1, max-image-preview:large, max-video-preview:-1\" \/>\n<link rel=\"canonical\" href=\"https:\/\/www.nashbyashtonnicole.com\/fr\/contact\/\" \/>\n<meta property=\"og:locale\" content=\"fr_FR\" \/>\n<meta property=\"og:type\" content=\"article\" \/>\n<meta property=\"og:title\" content=\"Contact - NASH by Ashton Nicole\" \/>\n<meta property=\"og:url\" content=\"https:\/\/www.nashbyashtonnicole.com\/fr\/contact\/\" \/>\n<meta property=\"og:site_name\" content=\"NASH by Ashton Nicole\" \/>\n<meta property=\"article:publisher\" content=\"https:\/\/www.facebook.com\/nashbyashtonnicole\" \/>\n<meta property=\"article:modified_time\" content=\"2022-10-28T18:52:22+00:00\" \/>\n<meta property=\"og:image\" content=\"https:\/\/www.nashbyashtonnicole.com\/wp-content\/uploads\/2019\/07\/NASH.jpg\" \/>\n\t<meta property=\"og:image:width\" content=\"1300\" \/>\n\t<meta property=\"og:image:height\" content=\"1300\" \/>\n\t<meta property=\"og:image:type\" content=\"image\/jpeg\" \/>\n<meta name=\"twitter:label1\" content=\"Dur\u00e9e de lecture estim\u00e9e\" \/>\n\t<meta name=\"twitter:data1\" content=\"2 minutes\" \/>\n<script type=\"application\/ld+json\" class=\"yoast-schema-graph\">{\"@context\":\"https:\/\/schema.org\",\"@graph\":[{\"@type\":\"WebPage\",\"@id\":\"https:\/\/www.nashbyashtonnicole.com\/fr\/contact\/\",\"url\":\"https:\/\/www.nashbyashtonnicole.com\/fr\/contact\/\",\"name\":\"Contact - NASH by Ashton Nicole\",\"isPartOf\":{\"@id\":\"https:\/\/www.nashbyashtonnicole.com\/fr\/#website\"},\"datePublished\":\"2019-08-13T18:24:28+00:00\",\"dateModified\":\"2022-10-28T18:52:22+00:00\",\"breadcrumb\":{\"@id\":\"https:\/\/www.nashbyashtonnicole.com\/fr\/contact\/#breadcrumb\"},\"inLanguage\":\"fr-FR\",\"potentialAction\":[{\"@type\":\"ReadAction\",\"target\":[\"https:\/\/www.nashbyashtonnicole.com\/fr\/contact\/\"]}]},{\"@type\":\"BreadcrumbList\",\"@id\":\"https:\/\/www.nashbyashtonnicole.com\/fr\/contact\/#breadcrumb\",\"itemListElement\":[{\"@type\":\"ListItem\",\"position\":1,\"name\":\"Home\",\"item\":\"https:\/\/www.nashbyashtonnicole.com\/fr\/\"},{\"@type\":\"ListItem\",\"position\":2,\"name\":\"Contact\"}]},{\"@type\":\"WebSite\",\"@id\":\"https:\/\/www.nashbyashtonnicole.com\/fr\/#website\",\"url\":\"https:\/\/www.nashbyashtonnicole.com\/fr\/\",\"name\":\"NASH by Ashton Nicole\",\"description\":\"Fashionable and Trendy.\",\"publisher\":{\"@id\":\"https:\/\/www.nashbyashtonnicole.com\/fr\/#organization\"},\"potentialAction\":[{\"@type\":\"SearchAction\",\"target\":{\"@type\":\"EntryPoint\",\"urlTemplate\":\"https:\/\/www.nashbyashtonnicole.com\/fr\/?s={search_term_string}\"},\"query-input\":{\"@type\":\"PropertyValueSpecification\",\"valueRequired\":true,\"valueName\":\"search_term_string\"}}],\"inLanguage\":\"fr-FR\"},{\"@type\":\"Organization\",\"@id\":\"https:\/\/www.nashbyashtonnicole.com\/fr\/#organization\",\"name\":\"NASH by Ashton Nicole\",\"url\":\"https:\/\/www.nashbyashtonnicole.com\/fr\/\",\"logo\":{\"@type\":\"ImageObject\",\"inLanguage\":\"fr-FR\",\"@id\":\"https:\/\/www.nashbyashtonnicole.com\/fr\/#\/schema\/logo\/image\/\",\"url\":\"https:\/\/i1.wp.com\/www.nashbyashtonnicole.com\/wp-content\/uploads\/2020\/10\/logo.png?fit=250%2C150&ssl=1\",\"contentUrl\":\"https:\/\/i1.wp.com\/www.nashbyashtonnicole.com\/wp-content\/uploads\/2020\/10\/logo.png?fit=250%2C150&ssl=1\",\"width\":250,\"height\":150,\"caption\":\"NASH by Ashton Nicole\"},\"image\":{\"@id\":\"https:\/\/www.nashbyashtonnicole.com\/fr\/#\/schema\/logo\/image\/\"},\"sameAs\":[\"https:\/\/www.facebook.com\/nashbyashtonnicole\",\"https:\/\/www.instagram.com\/nashbyashtonnicole\"]}]}<\/script>\n<!-- \/ Yoast SEO plugin. -->","yoast_head_json":{"title":"Contact - NASH by Ashton Nicole","robots":{"index":"index","follow":"follow","max-snippet":"max-snippet:-1","max-image-preview":"max-image-preview:large","max-video-preview":"max-video-preview:-1"},"canonical":"https:\/\/www.nashbyashtonnicole.com\/fr\/contact\/","og_locale":"fr_FR","og_type":"article","og_title":"Contact - NASH by Ashton Nicole","og_url":"https:\/\/www.nashbyashtonnicole.com\/fr\/contact\/","og_site_name":"NASH by Ashton Nicole","article_publisher":"https:\/\/www.facebook.com\/nashbyashtonnicole","article_modified_time":"2022-10-28T18:52:22+00:00","og_image":[{"width":1300,"height":1300,"url":"https:\/\/www.nashbyashtonnicole.com\/wp-content\/uploads\/2019\/07\/NASH.jpg","type":"image\/jpeg"}],"twitter_misc":{"Dur\u00e9e de lecture estim\u00e9e":"2 minutes"},"schema":{"@context":"https:\/\/schema.org","@graph":[{"@type":"WebPage","@id":"https:\/\/www.nashbyashtonnicole.com\/fr\/contact\/","url":"https:\/\/www.nashbyashtonnicole.com\/fr\/contact\/","name":"Contact - NASH by Ashton Nicole","isPartOf":{"@id":"https:\/\/www.nashbyashtonnicole.com\/fr\/#website"},"datePublished":"2019-08-13T18:24:28+00:00","dateModified":"2022-10-28T18:52:22+00:00","breadcrumb":{"@id":"https:\/\/www.nashbyashtonnicole.com\/fr\/contact\/#breadcrumb"},"inLanguage":"fr-FR","potentialAction":[{"@type":"ReadAction","target":["https:\/\/www.nashbyashtonnicole.com\/fr\/contact\/"]}]},{"@type":"BreadcrumbList","@id":"https:\/\/www.nashbyashtonnicole.com\/fr\/contact\/#breadcrumb","itemListElement":[{"@type":"ListItem","position":1,"name":"Home","item":"https:\/\/www.nashbyashtonnicole.com\/fr\/"},{"@type":"ListItem","position":2,"name":"Contact"}]},{"@type":"WebSite","@id":"https:\/\/www.nashbyashtonnicole.com\/fr\/#website","url":"https:\/\/www.nashbyashtonnicole.com\/fr\/","name":"NASH by Ashton Nicole","description":"Fashionable and Trendy.","publisher":{"@id":"https:\/\/www.nashbyashtonnicole.com\/fr\/#organization"},"potentialAction":[{"@type":"SearchAction","target":{"@type":"EntryPoint","urlTemplate":"https:\/\/www.nashbyashtonnicole.com\/fr\/?s={search_term_string}"},"query-input":{"@type":"PropertyValueSpecification","valueRequired":true,"valueName":"search_term_string"}}],"inLanguage":"fr-FR"},{"@type":"Organization","@id":"https:\/\/www.nashbyashtonnicole.com\/fr\/#organization","name":"NASH by Ashton Nicole","url":"https:\/\/www.nashbyashtonnicole.com\/fr\/","logo":{"@type":"ImageObject","inLanguage":"fr-FR","@id":"https:\/\/www.nashbyashtonnicole.com\/fr\/#\/schema\/logo\/image\/","url":"https:\/\/i1.wp.com\/www.nashbyashtonnicole.com\/wp-content\/uploads\/2020\/10\/logo.png?fit=250%2C150&ssl=1","contentUrl":"https:\/\/i1.wp.com\/www.nashbyashtonnicole.com\/wp-content\/uploads\/2020\/10\/logo.png?fit=250%2C150&ssl=1","width":250,"height":150,"caption":"NASH by Ashton Nicole"},"image":{"@id":"https:\/\/www.nashbyashtonnicole.com\/fr\/#\/schema\/logo\/image\/"},"sameAs":["https:\/\/www.facebook.com\/nashbyashtonnicole","https:\/\/www.instagram.com\/nashbyashtonnicole"]}]}},"_links":{"self":[{"href":"https:\/\/www.nashbyashtonnicole.com\/fr\/wp-json\/wp\/v2\/pages\/7158","targetHints":{"allow":["GET"]}}],"collection":[{"href":"https:\/\/www.nashbyashtonnicole.com\/fr\/wp-json\/wp\/v2\/pages"}],"about":[{"href":"https:\/\/www.nashbyashtonnicole.com\/fr\/wp-json\/wp\/v2\/types\/page"}],"author":[{"embeddable":true,"href":"https:\/\/www.nashbyashtonnicole.com\/fr\/wp-json\/wp\/v2\/users\/1"}],"replies":[{"embeddable":true,"href":"https:\/\/www.nashbyashtonnicole.com\/fr\/wp-json\/wp\/v2\/comments?post=7158"}],"version-history":[{"count":5,"href":"https:\/\/www.nashbyashtonnicole.com\/fr\/wp-json\/wp\/v2\/pages\/7158\/revisions"}],"predecessor-version":[{"id":10108,"href":"https:\/\/www.nashbyashtonnicole.com\/fr\/wp-json\/wp\/v2\/pages\/7158\/revisions\/10108"}],"wp:attachment":[{"href":"https:\/\/www.nashbyashtonnicole.com\/fr\/wp-json\/wp\/v2\/media?parent=7158"}],"curies":[{"name":"wp","href":"https:\/\/api.w.org\/{rel}","templated":true}]}}