{"id":10093,"date":"2022-10-26T13:39:28","date_gmt":"2022-10-26T17:39:28","guid":{"rendered":"https:\/\/www.nashbyashtonnicole.com\/privacy-policy\/"},"modified":"2022-10-28T14:18:28","modified_gmt":"2022-10-28T18:18:28","slug":"politique-de-confidentialite","status":"publish","type":"page","link":"https:\/\/www.nashbyashtonnicole.com\/fr\/politique-de-confidentialite\/","title":{"rendered":"Politique de Confidentialit\u00e9"},"content":{"rendered":"\n\t<section class=\"section\" id=\"section_1866985877\">\n\t\t<div class=\"section-bg fill\" >\n\t\t\t\t\t\t\t\t\t\n\t\t\t\n\n\t\t<\/div>\n\n\t\t\n\n\t\t<div class=\"section-content relative\">\n\t\t\t\n<div class=\"row\"  id=\"row-1216839446\">\n\n\t<div id=\"col-714932691\" class=\"col small-12 large-12\"  >\n\t\t\t\t<div class=\"col-inner text-center\"  >\n\t\t\t\n\t\t\t\n<h6>Veuillez lire attentivement<\/h6>\n\t<div id=\"text-4193941044\" class=\"text\">\n\t\t\n<h2>Politique de Confidentialit\u00e9<\/h2>\n\t\t\n<style>\n#text-4193941044 {\n  font-size: 1.75rem;\n}\n<\/style>\n\t<\/div>\n\t\n\t\t<\/div>\n\t\t\t\t\t<\/div>\n\n\t\n<\/div>\n<p>Cette politique de confidentialit\u00e9 d\u00e9crit comment vos informations personnelles sont collect\u00e9es, utilis\u00e9es et partag\u00e9es lorsque vous visitez ou effectuez un achat su <strong>nashbyashtonnicole.com<\/strong><\/p>\n<h3>Notre Engagement<\/h3>\n<p>NASH by Ashton Nicole s\u2019engage \u00e0 prot\u00e9ger votre vie priv\u00e9e en ligne et \u00e0 prot\u00e9ger les informations que nous recueillons. En aucun cas, nous ne divulguons des renseignements \u00e0 votre sujet ni ne revendons les renseignements recueillis \u00e0 partir de ce site internet. Afin de mieux prot\u00e9ger votre vie priv\u00e9e, nous vous fournissons cet avis expliquant nos pratiques en mati\u00e8re d\u2019informations et les choix que vous pouvez faire quant \u00e0 la fa\u00e7on dont vos renseignements sont recueillis et utilis\u00e9s.<\/p>\n<h3>Renseignements Que Nous Recueillons<\/h3>\n<p>Certaines informations sont recueillies dans le but, entre autres, de v\u00e9rifier votre identit\u00e9 pour une utilisation ult\u00e9rieure de notre service. En tant que visiteur de notre site internet, votre nom et votre adresse \u00e9lectronique peuvent vous \u00eatre demand\u00e9s pour diverses raisons. Vos coordonn\u00e9es sont utilis\u00e9es pour vous contacter si n\u00e9cessaire et pour vous envoyer de nouvelles informations importantes sur nos produits et services. Si, \u00e0 tout moment, vous souhaitez vous d\u00e9sabonner de nos prochains courriels, nous incluons des instructions d\u00e9taill\u00e9es de d\u00e9sabonnement au bas de chaque courriel ou envoyez-nous simplement un bref courriel nous demandant de vous d\u00e9sabonner.<\/p>\n<h3>Adresse IP<\/h3>\n<p>Nous pouvons recueillir votre adresse IP (Internet Protocole) chaque fois que vous visitez notre site internet. L\u2019adresse IP est un identifiant unique attribu\u00e9 \u00e0 votre ordinateur chaque fois que vous vous connectez \u00e0 internet. L\u2019adresse IP est utilis\u00e9e pour les rapports statistiques et l\u2019analyse du trafic du site internet afin d\u2019aider \u00e0 diagnostiquer les probl\u00e8mes reli\u00e9s \u00e0 notre serveur et \u00e0 prot\u00e9ger nos clients et nous-m\u00eames contre la fraude.<\/p>\n<h3>M\u00e9dias Sociaux<\/h3>\n<p>R\u00e9seau Social, telles que divulgu\u00e9es au moment o\u00f9 vous acceptez la connexion. Les informations que nous pouvons partager avec un R\u00e9seau Social peuvent inclure, mais sans s\u2019y limiter \u00e0: des informations techniques sur votre activit\u00e9 de Service, vos commentaires sur le Service ou les vid\u00e9os que vous regardez sur le Service. Les informations auxquelles nous pouvons acc\u00e9der \u00e0 votre sujet, avec votre consentement, \u00e0 partir d\u2019un R\u00e9seau Social peuvent inclure, mais sans s\u2019y limiter \u00e0 vos informations de base du R\u00e9seau Social, vos donn\u00e9es de localisation, votre liste de contacts, vos amis ou les personnes qui vous suivent et certaines informations sur vos activit\u00e9s sur le R\u00e9seau Social. Si vous autorisez une connexion entre un R\u00e9seau Social et un Service, nous (et ce R\u00e9seau Social) pouvons \u00eatre en mesure de vous identifier et d\u2019associer les informations re\u00e7ues dans le cadre de la connexion aux informations que nous poss\u00e9dons d\u00e9j\u00e0 sur vous. Pour plus d\u2019informations, veuillez consulter la politique de confidentialit\u00e9 et les termes et conditions de votre compte de R\u00e9seau Social, qui r\u00e9gissent la fa\u00e7on dont les informations de ce compte sont collect\u00e9es et partag\u00e9es avec nous.<\/p>\n<h3>Activit\u00e9 du Serveur<\/h3>\n<p>Les connexions des clients et autres activit\u00e9s d\u2019acc\u00e8s au serveur sont surveill\u00e9es et analys\u00e9es pour prot\u00e9ger notre serveur contre les tentatives de connexion non autoris\u00e9es.<\/p>\n<h3>Correspondance<\/h3>\n<p>Nous nous r\u00e9servons le droit de conserver une trace de toute correspondance (courrier \u00e9lectronique ou papier) que vous nous envoyez.<\/p>\n<h3>Divulgation d\u2019Informations<\/h3>\n<p>Nous ne pouvons pas garantir que tous vos renseignements personnels ne seront jamais divulgu\u00e9s d\u2019une mani\u00e8re non d\u00e9crite dans cette politique de confidentialit\u00e9. Par exemple, nous pouvons \u00eatre tenus de divulguer des renseignements personnels au gouvernement, aux organismes de maintien de l\u2019ordre public ou aux conseillers juridiques (ex : sous l\u2019ordonnance d\u2019un tribunal).<\/p>\n<h3>Mesures de S\u00e9curit\u00e9<\/h3>\n<p>Bien que nous offrions l\u2019utilisation d\u2019un serveur s\u00e9curis\u00e9 via la technologie Secure Socket Layer (SSL), aucune suret\u00e9 de transmission de donn\u00e9es sur Internet ne peut \u00eatre garantie \u00e0 100%. Par cons\u00e9quent, bien que nous nous efforcions de prot\u00e9ger vos renseignements personnels, nous ne pouvons pas assurer ou garantir la s\u00e9curit\u00e9 des renseignements que vous nous transmettez et vous le faites \u00e0 vos propres risques. Une fois que nous recevons votre transmission, nous faisons de notre mieux pour assurer sa s\u00e9curit\u00e9 sur nos syst\u00e8mes.<\/p>\n<h3>G\u00e9n\u00e9ralit\u00e9s<\/h3>\n<p>Cette politique de confidentialit\u00e9 est int\u00e9gr\u00e9e et soumise aux termes et conditions de ce site. Nous ne sommes pas responsables des pratiques de confidentialit\u00e9 ou du contenu des sites Web li\u00e9s. Si vous avez des questions concernant cette d\u00e9claration, veuillez les envoyer \u00e0:<\/p>\n<div class=\"row row-small\"  id=\"row-506835190\">\n\n\t<div id=\"col-2103555442\" class=\"col small-12 large-12\"  >\n\t\t\t\t<div class=\"col-inner\"  >\n\t\t\t\n\t\t\t\n<p class=\"lead\">NASH by Ashton Nicole<\/p>\n<p>Dorval (QC)<br \/>\nCanada H9P 2A6<\/p>\n\n<div class=\"social-icons follow-icons\" ><a href=\"https:\/\/www.facebook.com\/nashbyashtonnicole\/\" target=\"_blank\" data-label=\"Facebook\" class=\"icon button circle is-outline facebook tooltip\" title=\"Nous suivre sur Facebook\" aria-label=\"Nous suivre sur Facebook\" rel=\"noopener nofollow\" ><i class=\"icon-facebook\" ><\/i><\/a><a href=\"https:\/\/www.instagram.com\/nashbyashtonnicole\/\" target=\"_blank\" data-label=\"Instagram\" class=\"icon button circle is-outline instagram tooltip\" title=\"Nous suivre sur Instagram\" aria-label=\"Nous suivre sur Instagram\" rel=\"noopener nofollow\" ><i class=\"icon-instagram\" ><\/i><\/a><a href=\"mailto:info@nashbyashtonnicole.com\" data-label=\"E-mail\" target=\"_blank\" class=\"icon button circle is-outline email tooltip\" title=\"Nous envoyer un email\" aria-label=\"Nous envoyer un email\" rel=\"nofollow noopener\" ><i class=\"icon-envelop\" ><\/i><\/a><a href=\"tel:+1 (514) 576-9365\" data-label=\"Phone\" target=\"_blank\" class=\"icon button circle is-outline phone tooltip\" title=\"Appelez-nous\" aria-label=\"Appelez-nous\" rel=\"nofollow noopener\" ><i class=\"icon-phone\" ><\/i><\/a><\/div>\n\t\t<\/div>\n\t\t\t\t\t<\/div>\n\n\t\n\n<style>\n#row-506835190 > .col > .col-inner {\n  padding: 30px 0px 0px 0px;\n}\n<\/style>\n<\/div>\n\t\t<\/div>\n\n\t\t\n<style>\n#section_1866985877 {\n  padding-top: 45px;\n  padding-bottom: 45px;\n}\n@media (min-width:550px) {\n  #section_1866985877 {\n    padding-top: 65px;\n    padding-bottom: 65px;\n  }\n}\n@media (min-width:850px) {\n  #section_1866985877 {\n    padding-top: 50px;\n    padding-bottom: 50px;\n  }\n}\n<\/style>\n\t<\/section>\n\t\n","protected":false},"excerpt":{"rendered":"","protected":false},"author":1,"featured_media":0,"parent":0,"menu_order":0,"comment_status":"closed","ping_status":"closed","template":"","meta":{"footnotes":""},"class_list":["post-10093","page","type-page","status-publish","hentry"],"yoast_head":"<!-- This site is optimized with the Yoast SEO plugin v27.2 - https:\/\/yoast.com\/product\/yoast-seo-wordpress\/ -->\n<title>Politique de Confidentialit\u00e9 - NASH by Ashton Nicole<\/title>\n<meta name=\"robots\" content=\"index, follow, max-snippet:-1, max-image-preview:large, max-video-preview:-1\" \/>\n<link rel=\"canonical\" href=\"https:\/\/www.nashbyashtonnicole.com\/fr\/politique-de-confidentialite\/\" \/>\n<meta property=\"og:locale\" content=\"fr_FR\" \/>\n<meta property=\"og:type\" content=\"article\" \/>\n<meta property=\"og:title\" content=\"Politique de Confidentialit\u00e9 - NASH by Ashton Nicole\" \/>\n<meta property=\"og:url\" content=\"https:\/\/www.nashbyashtonnicole.com\/fr\/politique-de-confidentialite\/\" \/>\n<meta property=\"og:site_name\" content=\"NASH by Ashton Nicole\" \/>\n<meta property=\"article:publisher\" content=\"https:\/\/www.facebook.com\/nashbyashtonnicole\" \/>\n<meta property=\"article:modified_time\" content=\"2022-10-28T18:18:28+00:00\" \/>\n<meta property=\"og:image\" content=\"https:\/\/www.nashbyashtonnicole.com\/wp-content\/uploads\/2019\/07\/NASH.jpg\" \/>\n\t<meta property=\"og:image:width\" content=\"1300\" \/>\n\t<meta property=\"og:image:height\" content=\"1300\" \/>\n\t<meta property=\"og:image:type\" content=\"image\/jpeg\" \/>\n<meta name=\"twitter:label1\" content=\"Dur\u00e9e de lecture estim\u00e9e\" \/>\n\t<meta name=\"twitter:data1\" content=\"4 minutes\" \/>\n<script type=\"application\/ld+json\" class=\"yoast-schema-graph\">{\"@context\":\"https:\/\/schema.org\",\"@graph\":[{\"@type\":\"WebPage\",\"@id\":\"https:\/\/www.nashbyashtonnicole.com\/fr\/politique-de-confidentialite\/\",\"url\":\"https:\/\/www.nashbyashtonnicole.com\/fr\/politique-de-confidentialite\/\",\"name\":\"Politique de Confidentialit\u00e9 - NASH by Ashton Nicole\",\"isPartOf\":{\"@id\":\"https:\/\/www.nashbyashtonnicole.com\/fr\/#website\"},\"datePublished\":\"2022-10-26T17:39:28+00:00\",\"dateModified\":\"2022-10-28T18:18:28+00:00\",\"breadcrumb\":{\"@id\":\"https:\/\/www.nashbyashtonnicole.com\/fr\/politique-de-confidentialite\/#breadcrumb\"},\"inLanguage\":\"fr-FR\",\"potentialAction\":[{\"@type\":\"ReadAction\",\"target\":[\"https:\/\/www.nashbyashtonnicole.com\/fr\/politique-de-confidentialite\/\"]}]},{\"@type\":\"BreadcrumbList\",\"@id\":\"https:\/\/www.nashbyashtonnicole.com\/fr\/politique-de-confidentialite\/#breadcrumb\",\"itemListElement\":[{\"@type\":\"ListItem\",\"position\":1,\"name\":\"Home\",\"item\":\"https:\/\/www.nashbyashtonnicole.com\/fr\/\"},{\"@type\":\"ListItem\",\"position\":2,\"name\":\"Politique de Confidentialit\u00e9\"}]},{\"@type\":\"WebSite\",\"@id\":\"https:\/\/www.nashbyashtonnicole.com\/fr\/#website\",\"url\":\"https:\/\/www.nashbyashtonnicole.com\/fr\/\",\"name\":\"NASH by Ashton Nicole\",\"description\":\"Fashionable and Trendy.\",\"publisher\":{\"@id\":\"https:\/\/www.nashbyashtonnicole.com\/fr\/#organization\"},\"potentialAction\":[{\"@type\":\"SearchAction\",\"target\":{\"@type\":\"EntryPoint\",\"urlTemplate\":\"https:\/\/www.nashbyashtonnicole.com\/fr\/?s={search_term_string}\"},\"query-input\":{\"@type\":\"PropertyValueSpecification\",\"valueRequired\":true,\"valueName\":\"search_term_string\"}}],\"inLanguage\":\"fr-FR\"},{\"@type\":\"Organization\",\"@id\":\"https:\/\/www.nashbyashtonnicole.com\/fr\/#organization\",\"name\":\"NASH by Ashton Nicole\",\"url\":\"https:\/\/www.nashbyashtonnicole.com\/fr\/\",\"logo\":{\"@type\":\"ImageObject\",\"inLanguage\":\"fr-FR\",\"@id\":\"https:\/\/www.nashbyashtonnicole.com\/fr\/#\/schema\/logo\/image\/\",\"url\":\"https:\/\/i1.wp.com\/www.nashbyashtonnicole.com\/wp-content\/uploads\/2020\/10\/logo.png?fit=250%2C150&ssl=1\",\"contentUrl\":\"https:\/\/i1.wp.com\/www.nashbyashtonnicole.com\/wp-content\/uploads\/2020\/10\/logo.png?fit=250%2C150&ssl=1\",\"width\":250,\"height\":150,\"caption\":\"NASH by Ashton Nicole\"},\"image\":{\"@id\":\"https:\/\/www.nashbyashtonnicole.com\/fr\/#\/schema\/logo\/image\/\"},\"sameAs\":[\"https:\/\/www.facebook.com\/nashbyashtonnicole\",\"https:\/\/www.instagram.com\/nashbyashtonnicole\"]}]}<\/script>\n<!-- \/ Yoast SEO plugin. -->","yoast_head_json":{"title":"Politique de Confidentialit\u00e9 - NASH by Ashton Nicole","robots":{"index":"index","follow":"follow","max-snippet":"max-snippet:-1","max-image-preview":"max-image-preview:large","max-video-preview":"max-video-preview:-1"},"canonical":"https:\/\/www.nashbyashtonnicole.com\/fr\/politique-de-confidentialite\/","og_locale":"fr_FR","og_type":"article","og_title":"Politique de Confidentialit\u00e9 - NASH by Ashton Nicole","og_url":"https:\/\/www.nashbyashtonnicole.com\/fr\/politique-de-confidentialite\/","og_site_name":"NASH by Ashton Nicole","article_publisher":"https:\/\/www.facebook.com\/nashbyashtonnicole","article_modified_time":"2022-10-28T18:18:28+00:00","og_image":[{"width":1300,"height":1300,"url":"https:\/\/www.nashbyashtonnicole.com\/wp-content\/uploads\/2019\/07\/NASH.jpg","type":"image\/jpeg"}],"twitter_misc":{"Dur\u00e9e de lecture estim\u00e9e":"4 minutes"},"schema":{"@context":"https:\/\/schema.org","@graph":[{"@type":"WebPage","@id":"https:\/\/www.nashbyashtonnicole.com\/fr\/politique-de-confidentialite\/","url":"https:\/\/www.nashbyashtonnicole.com\/fr\/politique-de-confidentialite\/","name":"Politique de Confidentialit\u00e9 - NASH by Ashton Nicole","isPartOf":{"@id":"https:\/\/www.nashbyashtonnicole.com\/fr\/#website"},"datePublished":"2022-10-26T17:39:28+00:00","dateModified":"2022-10-28T18:18:28+00:00","breadcrumb":{"@id":"https:\/\/www.nashbyashtonnicole.com\/fr\/politique-de-confidentialite\/#breadcrumb"},"inLanguage":"fr-FR","potentialAction":[{"@type":"ReadAction","target":["https:\/\/www.nashbyashtonnicole.com\/fr\/politique-de-confidentialite\/"]}]},{"@type":"BreadcrumbList","@id":"https:\/\/www.nashbyashtonnicole.com\/fr\/politique-de-confidentialite\/#breadcrumb","itemListElement":[{"@type":"ListItem","position":1,"name":"Home","item":"https:\/\/www.nashbyashtonnicole.com\/fr\/"},{"@type":"ListItem","position":2,"name":"Politique de Confidentialit\u00e9"}]},{"@type":"WebSite","@id":"https:\/\/www.nashbyashtonnicole.com\/fr\/#website","url":"https:\/\/www.nashbyashtonnicole.com\/fr\/","name":"NASH by Ashton Nicole","description":"Fashionable and Trendy.","publisher":{"@id":"https:\/\/www.nashbyashtonnicole.com\/fr\/#organization"},"potentialAction":[{"@type":"SearchAction","target":{"@type":"EntryPoint","urlTemplate":"https:\/\/www.nashbyashtonnicole.com\/fr\/?s={search_term_string}"},"query-input":{"@type":"PropertyValueSpecification","valueRequired":true,"valueName":"search_term_string"}}],"inLanguage":"fr-FR"},{"@type":"Organization","@id":"https:\/\/www.nashbyashtonnicole.com\/fr\/#organization","name":"NASH by Ashton Nicole","url":"https:\/\/www.nashbyashtonnicole.com\/fr\/","logo":{"@type":"ImageObject","inLanguage":"fr-FR","@id":"https:\/\/www.nashbyashtonnicole.com\/fr\/#\/schema\/logo\/image\/","url":"https:\/\/i1.wp.com\/www.nashbyashtonnicole.com\/wp-content\/uploads\/2020\/10\/logo.png?fit=250%2C150&ssl=1","contentUrl":"https:\/\/i1.wp.com\/www.nashbyashtonnicole.com\/wp-content\/uploads\/2020\/10\/logo.png?fit=250%2C150&ssl=1","width":250,"height":150,"caption":"NASH by Ashton Nicole"},"image":{"@id":"https:\/\/www.nashbyashtonnicole.com\/fr\/#\/schema\/logo\/image\/"},"sameAs":["https:\/\/www.facebook.com\/nashbyashtonnicole","https:\/\/www.instagram.com\/nashbyashtonnicole"]}]}},"_links":{"self":[{"href":"https:\/\/www.nashbyashtonnicole.com\/fr\/wp-json\/wp\/v2\/pages\/10093","targetHints":{"allow":["GET"]}}],"collection":[{"href":"https:\/\/www.nashbyashtonnicole.com\/fr\/wp-json\/wp\/v2\/pages"}],"about":[{"href":"https:\/\/www.nashbyashtonnicole.com\/fr\/wp-json\/wp\/v2\/types\/page"}],"author":[{"embeddable":true,"href":"https:\/\/www.nashbyashtonnicole.com\/fr\/wp-json\/wp\/v2\/users\/1"}],"replies":[{"embeddable":true,"href":"https:\/\/www.nashbyashtonnicole.com\/fr\/wp-json\/wp\/v2\/comments?post=10093"}],"version-history":[{"count":5,"href":"https:\/\/www.nashbyashtonnicole.com\/fr\/wp-json\/wp\/v2\/pages\/10093\/revisions"}],"predecessor-version":[{"id":10098,"href":"https:\/\/www.nashbyashtonnicole.com\/fr\/wp-json\/wp\/v2\/pages\/10093\/revisions\/10098"}],"wp:attachment":[{"href":"https:\/\/www.nashbyashtonnicole.com\/fr\/wp-json\/wp\/v2\/media?parent=10093"}],"curies":[{"name":"wp","href":"https:\/\/api.w.org\/{rel}","templated":true}]}}